{"id":554,"date":"2024-07-12T13:41:05","date_gmt":"2024-07-12T11:41:05","guid":{"rendered":"https:\/\/lememeherboristerie.com\/?post_type=product&#038;p=554"},"modified":"2024-07-12T13:48:41","modified_gmt":"2024-07-12T11:48:41","slug":"jabon-abejitas","status":"publish","type":"product","link":"https:\/\/lememeherboristerie.com\/index.php\/product\/jabon-abejitas\/","title":{"rendered":"Jab\u00f3n Abejitas"},"content":{"rendered":"<p><strong>Jab\u00f3n Artesanal de Rosa Mosqueta<\/strong><\/p>\n<p>Es un producto hecho artesanalmente con el fin de que sus propiedades limpie y purifique. Adem\u00e1s, promueve la formaci\u00f3n y renovaci\u00f3n del col\u00e1geno. Aporta firmeza y mejora el tono muscular. Mezclando plantas medicinales y aromaterapia natural.<\/p>\n<ul>\n<li>Glicerina Vegetal<\/li>\n<li>Vitaminas E, C<\/li>\n<li>Oleato Natural<\/li>\n<li>Aceites Puros : Ricino, Rosa Mosqueta, Romero.<\/li>\n<li>Flores secas<\/li>\n<li>Los colores son de Mica, totalmente naturales.<\/li>\n<li>Mix Arcillas : Blanca y Violeta<\/li>\n<\/ul>\n","protected":false},"excerpt":{"rendered":"<p>An\u00edmate a probar un producto exclusivo, sin qu\u00edmicos y realizado con mucho amor para que los resultados sean siempre positivos en tu piel !<\/p>\n<p>&nbsp;<\/p>\n<p>&nbsp;<\/p>\n","protected":false},"featured_media":557,"comment_status":"open","ping_status":"closed","template":"","meta":[],"product_cat":[20],"product_tag":[],"yoast_head":"<!-- This site is optimized with the Yoast SEO plugin v22.3 - https:\/\/yoast.com\/wordpress\/plugins\/seo\/ -->\n<title>Jab\u00f3n Abejitas - lememeherboristerie.com<\/title>\n<meta name=\"description\" content=\"Es un producto hecho artesanalmente con el fin de que sus propiedades limpie y purifique. Adem\u00e1s, promueve la formaci\u00f3n y renovaci\u00f3n del col\u00e1geno. Aporta firmeza y mejora el tono muscular\" \/>\n<meta name=\"robots\" content=\"index, follow, max-snippet:-1, max-image-preview:large, max-video-preview:-1\" \/>\n<link rel=\"canonical\" href=\"https:\/\/lememeherboristerie.com\/index.php\/product\/jabon-abejitas\/\" \/>\n<meta property=\"og:locale\" content=\"es_ES\" \/>\n<meta property=\"og:type\" content=\"article\" \/>\n<meta property=\"og:title\" content=\"Jab\u00f3n Abejitas - lememeherboristerie.com\" \/>\n<meta property=\"og:description\" content=\"Es un producto hecho artesanalmente con el fin de que sus propiedades limpie y purifique. Adem\u00e1s, promueve la formaci\u00f3n y renovaci\u00f3n del col\u00e1geno. Aporta firmeza y mejora el tono muscular\" \/>\n<meta property=\"og:url\" content=\"https:\/\/lememeherboristerie.com\/index.php\/product\/jabon-abejitas\/\" \/>\n<meta property=\"og:site_name\" content=\"lememeherboristerie.com\" \/>\n<meta property=\"article:modified_time\" content=\"2024-07-12T11:48:41+00:00\" \/>\n<meta property=\"og:image\" content=\"https:\/\/lememeherboristerie.com\/wp-content\/uploads\/2024\/07\/20240622_085715-scaled.jpg\" \/>\n\t<meta property=\"og:image:width\" content=\"1183\" \/>\n\t<meta property=\"og:image:height\" content=\"2560\" \/>\n\t<meta property=\"og:image:type\" content=\"image\/jpeg\" \/>\n<meta name=\"twitter:card\" content=\"summary_large_image\" \/>\n<meta name=\"twitter:label1\" content=\"Tiempo de lectura\" \/>\n\t<meta name=\"twitter:data1\" content=\"1 minuto\" \/>\n<script type=\"application\/ld+json\" class=\"yoast-schema-graph\">{\"@context\":\"https:\/\/schema.org\",\"@graph\":[{\"@type\":\"WebPage\",\"@id\":\"https:\/\/lememeherboristerie.com\/index.php\/product\/jabon-abejitas\/\",\"url\":\"https:\/\/lememeherboristerie.com\/index.php\/product\/jabon-abejitas\/\",\"name\":\"Jab\u00f3n Abejitas - lememeherboristerie.com\",\"isPartOf\":{\"@id\":\"https:\/\/lememeherboristerie.com\/#website\"},\"primaryImageOfPage\":{\"@id\":\"https:\/\/lememeherboristerie.com\/index.php\/product\/jabon-abejitas\/#primaryimage\"},\"image\":{\"@id\":\"https:\/\/lememeherboristerie.com\/index.php\/product\/jabon-abejitas\/#primaryimage\"},\"thumbnailUrl\":\"https:\/\/lememeherboristerie.com\/wp-content\/uploads\/2024\/07\/20240622_085715-scaled.jpg\",\"datePublished\":\"2024-07-12T11:41:05+00:00\",\"dateModified\":\"2024-07-12T11:48:41+00:00\",\"description\":\"Es un producto hecho artesanalmente con el fin de que sus propiedades limpie y purifique. Adem\u00e1s, promueve la formaci\u00f3n y renovaci\u00f3n del col\u00e1geno. Aporta firmeza y mejora el tono muscular\",\"breadcrumb\":{\"@id\":\"https:\/\/lememeherboristerie.com\/index.php\/product\/jabon-abejitas\/#breadcrumb\"},\"inLanguage\":\"es\",\"potentialAction\":[{\"@type\":\"ReadAction\",\"target\":[\"https:\/\/lememeherboristerie.com\/index.php\/product\/jabon-abejitas\/\"]}]},{\"@type\":\"ImageObject\",\"inLanguage\":\"es\",\"@id\":\"https:\/\/lememeherboristerie.com\/index.php\/product\/jabon-abejitas\/#primaryimage\",\"url\":\"https:\/\/lememeherboristerie.com\/wp-content\/uploads\/2024\/07\/20240622_085715-scaled.jpg\",\"contentUrl\":\"https:\/\/lememeherboristerie.com\/wp-content\/uploads\/2024\/07\/20240622_085715-scaled.jpg\",\"width\":1183,\"height\":2560},{\"@type\":\"BreadcrumbList\",\"@id\":\"https:\/\/lememeherboristerie.com\/index.php\/product\/jabon-abejitas\/#breadcrumb\",\"itemListElement\":[{\"@type\":\"ListItem\",\"position\":1,\"name\":\"Portada\",\"item\":\"https:\/\/lememeherboristerie.com\/\"},{\"@type\":\"ListItem\",\"position\":2,\"name\":\"La Tienda\",\"item\":\"https:\/\/lememeherboristerie.com\/index.php\/la-tienda\/\"},{\"@type\":\"ListItem\",\"position\":3,\"name\":\"Jab\u00f3n Abejitas\"}]},{\"@type\":\"WebSite\",\"@id\":\"https:\/\/lememeherboristerie.com\/#website\",\"url\":\"https:\/\/lememeherboristerie.com\/\",\"name\":\"lememeherboristerie.com\",\"description\":\"Tienda online de cosm\u00e9tica artesanal y natural\",\"publisher\":{\"@id\":\"https:\/\/lememeherboristerie.com\/#organization\"},\"alternateName\":\"Le Meme\",\"potentialAction\":[{\"@type\":\"SearchAction\",\"target\":{\"@type\":\"EntryPoint\",\"urlTemplate\":\"https:\/\/lememeherboristerie.com\/?s={search_term_string}\"},\"query-input\":\"required name=search_term_string\"}],\"inLanguage\":\"es\"},{\"@type\":\"Organization\",\"@id\":\"https:\/\/lememeherboristerie.com\/#organization\",\"name\":\"lememeherboristerie.com\",\"url\":\"https:\/\/lememeherboristerie.com\/\",\"logo\":{\"@type\":\"ImageObject\",\"inLanguage\":\"es\",\"@id\":\"https:\/\/lememeherboristerie.com\/#\/schema\/logo\/image\/\",\"url\":\"https:\/\/lememeherboristerie.com\/wp-content\/uploads\/2024\/02\/cropped-Recurso-3-iso.png\",\"contentUrl\":\"https:\/\/lememeherboristerie.com\/wp-content\/uploads\/2024\/02\/cropped-Recurso-3-iso.png\",\"width\":423,\"height\":89,\"caption\":\"lememeherboristerie.com\"},\"image\":{\"@id\":\"https:\/\/lememeherboristerie.com\/#\/schema\/logo\/image\/\"},\"sameAs\":[\"https:\/\/www.instagram.com\/lememeherboristerie\/?hl=es\"]}]}<\/script>\n<!-- \/ Yoast SEO plugin. -->","yoast_head_json":{"title":"Jab\u00f3n Abejitas - lememeherboristerie.com","description":"Es un producto hecho artesanalmente con el fin de que sus propiedades limpie y purifique. Adem\u00e1s, promueve la formaci\u00f3n y renovaci\u00f3n del col\u00e1geno. Aporta firmeza y mejora el tono muscular","robots":{"index":"index","follow":"follow","max-snippet":"max-snippet:-1","max-image-preview":"max-image-preview:large","max-video-preview":"max-video-preview:-1"},"canonical":"https:\/\/lememeherboristerie.com\/index.php\/product\/jabon-abejitas\/","og_locale":"es_ES","og_type":"article","og_title":"Jab\u00f3n Abejitas - lememeherboristerie.com","og_description":"Es un producto hecho artesanalmente con el fin de que sus propiedades limpie y purifique. Adem\u00e1s, promueve la formaci\u00f3n y renovaci\u00f3n del col\u00e1geno. Aporta firmeza y mejora el tono muscular","og_url":"https:\/\/lememeherboristerie.com\/index.php\/product\/jabon-abejitas\/","og_site_name":"lememeherboristerie.com","article_modified_time":"2024-07-12T11:48:41+00:00","og_image":[{"width":1183,"height":2560,"url":"https:\/\/lememeherboristerie.com\/wp-content\/uploads\/2024\/07\/20240622_085715-scaled.jpg","type":"image\/jpeg"}],"twitter_card":"summary_large_image","twitter_misc":{"Tiempo de lectura":"1 minuto"},"schema":{"@context":"https:\/\/schema.org","@graph":[{"@type":"WebPage","@id":"https:\/\/lememeherboristerie.com\/index.php\/product\/jabon-abejitas\/","url":"https:\/\/lememeherboristerie.com\/index.php\/product\/jabon-abejitas\/","name":"Jab\u00f3n Abejitas - lememeherboristerie.com","isPartOf":{"@id":"https:\/\/lememeherboristerie.com\/#website"},"primaryImageOfPage":{"@id":"https:\/\/lememeherboristerie.com\/index.php\/product\/jabon-abejitas\/#primaryimage"},"image":{"@id":"https:\/\/lememeherboristerie.com\/index.php\/product\/jabon-abejitas\/#primaryimage"},"thumbnailUrl":"https:\/\/lememeherboristerie.com\/wp-content\/uploads\/2024\/07\/20240622_085715-scaled.jpg","datePublished":"2024-07-12T11:41:05+00:00","dateModified":"2024-07-12T11:48:41+00:00","description":"Es un producto hecho artesanalmente con el fin de que sus propiedades limpie y purifique. Adem\u00e1s, promueve la formaci\u00f3n y renovaci\u00f3n del col\u00e1geno. Aporta firmeza y mejora el tono muscular","breadcrumb":{"@id":"https:\/\/lememeherboristerie.com\/index.php\/product\/jabon-abejitas\/#breadcrumb"},"inLanguage":"es","potentialAction":[{"@type":"ReadAction","target":["https:\/\/lememeherboristerie.com\/index.php\/product\/jabon-abejitas\/"]}]},{"@type":"ImageObject","inLanguage":"es","@id":"https:\/\/lememeherboristerie.com\/index.php\/product\/jabon-abejitas\/#primaryimage","url":"https:\/\/lememeherboristerie.com\/wp-content\/uploads\/2024\/07\/20240622_085715-scaled.jpg","contentUrl":"https:\/\/lememeherboristerie.com\/wp-content\/uploads\/2024\/07\/20240622_085715-scaled.jpg","width":1183,"height":2560},{"@type":"BreadcrumbList","@id":"https:\/\/lememeherboristerie.com\/index.php\/product\/jabon-abejitas\/#breadcrumb","itemListElement":[{"@type":"ListItem","position":1,"name":"Portada","item":"https:\/\/lememeherboristerie.com\/"},{"@type":"ListItem","position":2,"name":"La Tienda","item":"https:\/\/lememeherboristerie.com\/index.php\/la-tienda\/"},{"@type":"ListItem","position":3,"name":"Jab\u00f3n Abejitas"}]},{"@type":"WebSite","@id":"https:\/\/lememeherboristerie.com\/#website","url":"https:\/\/lememeherboristerie.com\/","name":"lememeherboristerie.com","description":"Tienda online de cosm\u00e9tica artesanal y natural","publisher":{"@id":"https:\/\/lememeherboristerie.com\/#organization"},"alternateName":"Le Meme","potentialAction":[{"@type":"SearchAction","target":{"@type":"EntryPoint","urlTemplate":"https:\/\/lememeherboristerie.com\/?s={search_term_string}"},"query-input":"required name=search_term_string"}],"inLanguage":"es"},{"@type":"Organization","@id":"https:\/\/lememeherboristerie.com\/#organization","name":"lememeherboristerie.com","url":"https:\/\/lememeherboristerie.com\/","logo":{"@type":"ImageObject","inLanguage":"es","@id":"https:\/\/lememeherboristerie.com\/#\/schema\/logo\/image\/","url":"https:\/\/lememeherboristerie.com\/wp-content\/uploads\/2024\/02\/cropped-Recurso-3-iso.png","contentUrl":"https:\/\/lememeherboristerie.com\/wp-content\/uploads\/2024\/02\/cropped-Recurso-3-iso.png","width":423,"height":89,"caption":"lememeherboristerie.com"},"image":{"@id":"https:\/\/lememeherboristerie.com\/#\/schema\/logo\/image\/"},"sameAs":["https:\/\/www.instagram.com\/lememeherboristerie\/?hl=es"]}]}},"_links":{"self":[{"href":"https:\/\/lememeherboristerie.com\/index.php\/wp-json\/wp\/v2\/product\/554"}],"collection":[{"href":"https:\/\/lememeherboristerie.com\/index.php\/wp-json\/wp\/v2\/product"}],"about":[{"href":"https:\/\/lememeherboristerie.com\/index.php\/wp-json\/wp\/v2\/types\/product"}],"replies":[{"embeddable":true,"href":"https:\/\/lememeherboristerie.com\/index.php\/wp-json\/wp\/v2\/comments?post=554"}],"version-history":[{"count":3,"href":"https:\/\/lememeherboristerie.com\/index.php\/wp-json\/wp\/v2\/product\/554\/revisions"}],"predecessor-version":[{"id":565,"href":"https:\/\/lememeherboristerie.com\/index.php\/wp-json\/wp\/v2\/product\/554\/revisions\/565"}],"wp:featuredmedia":[{"embeddable":true,"href":"https:\/\/lememeherboristerie.com\/index.php\/wp-json\/wp\/v2\/media\/557"}],"wp:attachment":[{"href":"https:\/\/lememeherboristerie.com\/index.php\/wp-json\/wp\/v2\/media?parent=554"}],"wp:term":[{"taxonomy":"product_cat","embeddable":true,"href":"https:\/\/lememeherboristerie.com\/index.php\/wp-json\/wp\/v2\/product_cat?post=554"},{"taxonomy":"product_tag","embeddable":true,"href":"https:\/\/lememeherboristerie.com\/index.php\/wp-json\/wp\/v2\/product_tag?post=554"}],"curies":[{"name":"wp","href":"https:\/\/api.w.org\/{rel}","templated":true}]}}