{"id":532,"date":"2024-04-11T14:08:29","date_gmt":"2024-04-11T12:08:29","guid":{"rendered":"https:\/\/lememeherboristerie.com\/?post_type=product&#038;p=532"},"modified":"2024-04-11T14:08:29","modified_gmt":"2024-04-11T12:08:29","slug":"jabon-matcha-tea","status":"publish","type":"product","link":"https:\/\/lememeherboristerie.com\/index.php\/product\/jabon-matcha-tea\/","title":{"rendered":"Jab\u00f3n Matcha tea"},"content":{"rendered":"<p>\ud83c\udf3f Sum\u00e9rgete en la frescura revitalizante de nuestra obra maestra artesanal, donde <strong>la naturaleza se fusiona con el cuidado de la piel<\/strong>. Nuestro jab\u00f3n org\u00e1nico es una sinfon\u00eda de<strong> ingredientes puros y bot\u00e1nicos<\/strong>, elaborados con esmero para brindarte una experiencia sensorial \u00fanica.<\/p>\n<p>En cada delicado trozo de este jab\u00f3n, encontrar\u00e1s <strong>la esencia pura de la tierra<\/strong>. La <strong>glicerina vegetal de coco<\/strong>, suavemente nutriente, acaricia tu piel, mientras que el vibrante <strong>matcha tea<\/strong> revitaliza tus sentidos, dej\u00e1ndote renovado y energizado.<\/p>\n<p>El <strong>oleato<\/strong> compuesto de <strong>eucalipto, moringa, romero y salvia en flor<\/strong> se entrelaza para ofrecerte una limpieza profunda y restauradora. La magia del <strong>\u00e1loe vera<\/strong> calma y suaviza, mientras que la arcilla verde purifica, dejando tu piel radiante y rejuvenecida.<\/p>\n<p>Adornado con delicadas flores secas, cada pieza es una obra de arte \u00fanica, una oda a la belleza de la naturaleza. Sum\u00e9rgete en el lujo de lo org\u00e1nico,<strong> lib\u00e9rate de qu\u00edmicos y d\u00e9jate envolver por el abrazo suave y sanador de nuestras plantas<\/strong>. Este jab\u00f3n es m\u00e1s que un producto, es un ritual, una conexi\u00f3n con la tierra y contigo mismo. \ud83c\udf31<\/p>\n","protected":false},"excerpt":{"rendered":"<p>Jab\u00f3n Artesanal fusionado con diferentes hierbas medicinales ! En cada delicado trozo de este jab\u00f3n, encontrar\u00e1s <strong>la esencia pura de la tierra<\/strong>. La glicerina vegetal de coco, suavemente nutriente, acaricia tu piel, mientras que el vibrante<strong> matcha tea revitaliza tus sentidos, dej\u00e1ndote renovado y energizado.<\/strong><\/p>\n","protected":false},"featured_media":540,"comment_status":"open","ping_status":"closed","template":"","meta":[],"product_cat":[20],"product_tag":[],"yoast_head":"<!-- This site is optimized with the Yoast SEO plugin v22.3 - https:\/\/yoast.com\/wordpress\/plugins\/seo\/ -->\n<title>Jab\u00f3n Matcha tea - lememeherboristerie.com<\/title>\n<meta name=\"description\" content=\"Sum\u00e9rgete en la frescura revitalizante de nuestra obra maestra artesanal, donde la naturaleza se fusiona con el cuidado de la piel. Nuestro jab\u00f3n org\u00e1nico es una sinfon\u00eda de ingredientes puros y bot\u00e1nicos, elaborados con esmero para brindarte una experiencia sensorial \u00fanica.\" \/>\n<meta name=\"robots\" content=\"index, follow, max-snippet:-1, max-image-preview:large, max-video-preview:-1\" \/>\n<link rel=\"canonical\" href=\"https:\/\/lememeherboristerie.com\/index.php\/product\/jabon-matcha-tea\/\" \/>\n<meta property=\"og:locale\" content=\"es_ES\" \/>\n<meta property=\"og:type\" content=\"article\" \/>\n<meta property=\"og:title\" content=\"Jab\u00f3n Matcha tea - lememeherboristerie.com\" \/>\n<meta property=\"og:description\" content=\"Sum\u00e9rgete en la frescura revitalizante de nuestra obra maestra artesanal, donde la naturaleza se fusiona con el cuidado de la piel. Nuestro jab\u00f3n org\u00e1nico es una sinfon\u00eda de ingredientes puros y bot\u00e1nicos, elaborados con esmero para brindarte una experiencia sensorial \u00fanica.\" \/>\n<meta property=\"og:url\" content=\"https:\/\/lememeherboristerie.com\/index.php\/product\/jabon-matcha-tea\/\" \/>\n<meta property=\"og:site_name\" content=\"lememeherboristerie.com\" \/>\n<meta property=\"og:image\" content=\"https:\/\/lememeherboristerie.com\/wp-content\/uploads\/2024\/04\/20240408_151803-scaled-e1712836714874.jpg\" \/>\n\t<meta property=\"og:image:width\" content=\"1441\" \/>\n\t<meta property=\"og:image:height\" content=\"2039\" \/>\n\t<meta property=\"og:image:type\" content=\"image\/jpeg\" \/>\n<meta name=\"twitter:card\" content=\"summary_large_image\" \/>\n<meta name=\"twitter:label1\" content=\"Tiempo de lectura\" \/>\n\t<meta name=\"twitter:data1\" content=\"2 minutos\" \/>\n<script type=\"application\/ld+json\" class=\"yoast-schema-graph\">{\"@context\":\"https:\/\/schema.org\",\"@graph\":[{\"@type\":\"WebPage\",\"@id\":\"https:\/\/lememeherboristerie.com\/index.php\/product\/jabon-matcha-tea\/\",\"url\":\"https:\/\/lememeherboristerie.com\/index.php\/product\/jabon-matcha-tea\/\",\"name\":\"Jab\u00f3n Matcha tea - lememeherboristerie.com\",\"isPartOf\":{\"@id\":\"https:\/\/lememeherboristerie.com\/#website\"},\"primaryImageOfPage\":{\"@id\":\"https:\/\/lememeherboristerie.com\/index.php\/product\/jabon-matcha-tea\/#primaryimage\"},\"image\":{\"@id\":\"https:\/\/lememeherboristerie.com\/index.php\/product\/jabon-matcha-tea\/#primaryimage\"},\"thumbnailUrl\":\"https:\/\/lememeherboristerie.com\/wp-content\/uploads\/2024\/04\/20240408_151803-scaled-e1712836714874.jpg\",\"datePublished\":\"2024-04-11T12:08:29+00:00\",\"dateModified\":\"2024-04-11T12:08:29+00:00\",\"description\":\"Sum\u00e9rgete en la frescura revitalizante de nuestra obra maestra artesanal, donde la naturaleza se fusiona con el cuidado de la piel. Nuestro jab\u00f3n org\u00e1nico es una sinfon\u00eda de ingredientes puros y bot\u00e1nicos, elaborados con esmero para brindarte una experiencia sensorial \u00fanica.\",\"breadcrumb\":{\"@id\":\"https:\/\/lememeherboristerie.com\/index.php\/product\/jabon-matcha-tea\/#breadcrumb\"},\"inLanguage\":\"es\",\"potentialAction\":[{\"@type\":\"ReadAction\",\"target\":[\"https:\/\/lememeherboristerie.com\/index.php\/product\/jabon-matcha-tea\/\"]}]},{\"@type\":\"ImageObject\",\"inLanguage\":\"es\",\"@id\":\"https:\/\/lememeherboristerie.com\/index.php\/product\/jabon-matcha-tea\/#primaryimage\",\"url\":\"https:\/\/lememeherboristerie.com\/wp-content\/uploads\/2024\/04\/20240408_151803-scaled-e1712836714874.jpg\",\"contentUrl\":\"https:\/\/lememeherboristerie.com\/wp-content\/uploads\/2024\/04\/20240408_151803-scaled-e1712836714874.jpg\",\"width\":1441,\"height\":2039},{\"@type\":\"BreadcrumbList\",\"@id\":\"https:\/\/lememeherboristerie.com\/index.php\/product\/jabon-matcha-tea\/#breadcrumb\",\"itemListElement\":[{\"@type\":\"ListItem\",\"position\":1,\"name\":\"Portada\",\"item\":\"https:\/\/lememeherboristerie.com\/\"},{\"@type\":\"ListItem\",\"position\":2,\"name\":\"La Tienda\",\"item\":\"https:\/\/lememeherboristerie.com\/index.php\/la-tienda\/\"},{\"@type\":\"ListItem\",\"position\":3,\"name\":\"Jab\u00f3n Matcha tea\"}]},{\"@type\":\"WebSite\",\"@id\":\"https:\/\/lememeherboristerie.com\/#website\",\"url\":\"https:\/\/lememeherboristerie.com\/\",\"name\":\"lememeherboristerie.com\",\"description\":\"Tienda online de cosm\u00e9tica artesanal y natural\",\"publisher\":{\"@id\":\"https:\/\/lememeherboristerie.com\/#organization\"},\"alternateName\":\"Le Meme\",\"potentialAction\":[{\"@type\":\"SearchAction\",\"target\":{\"@type\":\"EntryPoint\",\"urlTemplate\":\"https:\/\/lememeherboristerie.com\/?s={search_term_string}\"},\"query-input\":\"required name=search_term_string\"}],\"inLanguage\":\"es\"},{\"@type\":\"Organization\",\"@id\":\"https:\/\/lememeherboristerie.com\/#organization\",\"name\":\"lememeherboristerie.com\",\"url\":\"https:\/\/lememeherboristerie.com\/\",\"logo\":{\"@type\":\"ImageObject\",\"inLanguage\":\"es\",\"@id\":\"https:\/\/lememeherboristerie.com\/#\/schema\/logo\/image\/\",\"url\":\"https:\/\/lememeherboristerie.com\/wp-content\/uploads\/2024\/02\/cropped-Recurso-3-iso.png\",\"contentUrl\":\"https:\/\/lememeherboristerie.com\/wp-content\/uploads\/2024\/02\/cropped-Recurso-3-iso.png\",\"width\":423,\"height\":89,\"caption\":\"lememeherboristerie.com\"},\"image\":{\"@id\":\"https:\/\/lememeherboristerie.com\/#\/schema\/logo\/image\/\"},\"sameAs\":[\"https:\/\/www.instagram.com\/lememeherboristerie\/?hl=es\"]}]}<\/script>\n<!-- \/ Yoast SEO plugin. -->","yoast_head_json":{"title":"Jab\u00f3n Matcha tea - lememeherboristerie.com","description":"Sum\u00e9rgete en la frescura revitalizante de nuestra obra maestra artesanal, donde la naturaleza se fusiona con el cuidado de la piel. Nuestro jab\u00f3n org\u00e1nico es una sinfon\u00eda de ingredientes puros y bot\u00e1nicos, elaborados con esmero para brindarte una experiencia sensorial \u00fanica.","robots":{"index":"index","follow":"follow","max-snippet":"max-snippet:-1","max-image-preview":"max-image-preview:large","max-video-preview":"max-video-preview:-1"},"canonical":"https:\/\/lememeherboristerie.com\/index.php\/product\/jabon-matcha-tea\/","og_locale":"es_ES","og_type":"article","og_title":"Jab\u00f3n Matcha tea - lememeherboristerie.com","og_description":"Sum\u00e9rgete en la frescura revitalizante de nuestra obra maestra artesanal, donde la naturaleza se fusiona con el cuidado de la piel. Nuestro jab\u00f3n org\u00e1nico es una sinfon\u00eda de ingredientes puros y bot\u00e1nicos, elaborados con esmero para brindarte una experiencia sensorial \u00fanica.","og_url":"https:\/\/lememeherboristerie.com\/index.php\/product\/jabon-matcha-tea\/","og_site_name":"lememeherboristerie.com","og_image":[{"width":1441,"height":2039,"url":"https:\/\/lememeherboristerie.com\/wp-content\/uploads\/2024\/04\/20240408_151803-scaled-e1712836714874.jpg","type":"image\/jpeg"}],"twitter_card":"summary_large_image","twitter_misc":{"Tiempo de lectura":"2 minutos"},"schema":{"@context":"https:\/\/schema.org","@graph":[{"@type":"WebPage","@id":"https:\/\/lememeherboristerie.com\/index.php\/product\/jabon-matcha-tea\/","url":"https:\/\/lememeherboristerie.com\/index.php\/product\/jabon-matcha-tea\/","name":"Jab\u00f3n Matcha tea - lememeherboristerie.com","isPartOf":{"@id":"https:\/\/lememeherboristerie.com\/#website"},"primaryImageOfPage":{"@id":"https:\/\/lememeherboristerie.com\/index.php\/product\/jabon-matcha-tea\/#primaryimage"},"image":{"@id":"https:\/\/lememeherboristerie.com\/index.php\/product\/jabon-matcha-tea\/#primaryimage"},"thumbnailUrl":"https:\/\/lememeherboristerie.com\/wp-content\/uploads\/2024\/04\/20240408_151803-scaled-e1712836714874.jpg","datePublished":"2024-04-11T12:08:29+00:00","dateModified":"2024-04-11T12:08:29+00:00","description":"Sum\u00e9rgete en la frescura revitalizante de nuestra obra maestra artesanal, donde la naturaleza se fusiona con el cuidado de la piel. Nuestro jab\u00f3n org\u00e1nico es una sinfon\u00eda de ingredientes puros y bot\u00e1nicos, elaborados con esmero para brindarte una experiencia sensorial \u00fanica.","breadcrumb":{"@id":"https:\/\/lememeherboristerie.com\/index.php\/product\/jabon-matcha-tea\/#breadcrumb"},"inLanguage":"es","potentialAction":[{"@type":"ReadAction","target":["https:\/\/lememeherboristerie.com\/index.php\/product\/jabon-matcha-tea\/"]}]},{"@type":"ImageObject","inLanguage":"es","@id":"https:\/\/lememeherboristerie.com\/index.php\/product\/jabon-matcha-tea\/#primaryimage","url":"https:\/\/lememeherboristerie.com\/wp-content\/uploads\/2024\/04\/20240408_151803-scaled-e1712836714874.jpg","contentUrl":"https:\/\/lememeherboristerie.com\/wp-content\/uploads\/2024\/04\/20240408_151803-scaled-e1712836714874.jpg","width":1441,"height":2039},{"@type":"BreadcrumbList","@id":"https:\/\/lememeherboristerie.com\/index.php\/product\/jabon-matcha-tea\/#breadcrumb","itemListElement":[{"@type":"ListItem","position":1,"name":"Portada","item":"https:\/\/lememeherboristerie.com\/"},{"@type":"ListItem","position":2,"name":"La Tienda","item":"https:\/\/lememeherboristerie.com\/index.php\/la-tienda\/"},{"@type":"ListItem","position":3,"name":"Jab\u00f3n Matcha tea"}]},{"@type":"WebSite","@id":"https:\/\/lememeherboristerie.com\/#website","url":"https:\/\/lememeherboristerie.com\/","name":"lememeherboristerie.com","description":"Tienda online de cosm\u00e9tica artesanal y natural","publisher":{"@id":"https:\/\/lememeherboristerie.com\/#organization"},"alternateName":"Le Meme","potentialAction":[{"@type":"SearchAction","target":{"@type":"EntryPoint","urlTemplate":"https:\/\/lememeherboristerie.com\/?s={search_term_string}"},"query-input":"required name=search_term_string"}],"inLanguage":"es"},{"@type":"Organization","@id":"https:\/\/lememeherboristerie.com\/#organization","name":"lememeherboristerie.com","url":"https:\/\/lememeherboristerie.com\/","logo":{"@type":"ImageObject","inLanguage":"es","@id":"https:\/\/lememeherboristerie.com\/#\/schema\/logo\/image\/","url":"https:\/\/lememeherboristerie.com\/wp-content\/uploads\/2024\/02\/cropped-Recurso-3-iso.png","contentUrl":"https:\/\/lememeherboristerie.com\/wp-content\/uploads\/2024\/02\/cropped-Recurso-3-iso.png","width":423,"height":89,"caption":"lememeherboristerie.com"},"image":{"@id":"https:\/\/lememeherboristerie.com\/#\/schema\/logo\/image\/"},"sameAs":["https:\/\/www.instagram.com\/lememeherboristerie\/?hl=es"]}]}},"_links":{"self":[{"href":"https:\/\/lememeherboristerie.com\/index.php\/wp-json\/wp\/v2\/product\/532"}],"collection":[{"href":"https:\/\/lememeherboristerie.com\/index.php\/wp-json\/wp\/v2\/product"}],"about":[{"href":"https:\/\/lememeherboristerie.com\/index.php\/wp-json\/wp\/v2\/types\/product"}],"replies":[{"embeddable":true,"href":"https:\/\/lememeherboristerie.com\/index.php\/wp-json\/wp\/v2\/comments?post=532"}],"version-history":[{"count":1,"href":"https:\/\/lememeherboristerie.com\/index.php\/wp-json\/wp\/v2\/product\/532\/revisions"}],"predecessor-version":[{"id":544,"href":"https:\/\/lememeherboristerie.com\/index.php\/wp-json\/wp\/v2\/product\/532\/revisions\/544"}],"wp:featuredmedia":[{"embeddable":true,"href":"https:\/\/lememeherboristerie.com\/index.php\/wp-json\/wp\/v2\/media\/540"}],"wp:attachment":[{"href":"https:\/\/lememeherboristerie.com\/index.php\/wp-json\/wp\/v2\/media?parent=532"}],"wp:term":[{"taxonomy":"product_cat","embeddable":true,"href":"https:\/\/lememeherboristerie.com\/index.php\/wp-json\/wp\/v2\/product_cat?post=532"},{"taxonomy":"product_tag","embeddable":true,"href":"https:\/\/lememeherboristerie.com\/index.php\/wp-json\/wp\/v2\/product_tag?post=532"}],"curies":[{"name":"wp","href":"https:\/\/api.w.org\/{rel}","templated":true}]}}