{"id":7,"date":"2024-02-27T18:08:44","date_gmt":"2024-02-27T17:08:44","guid":{"rendered":"http:\/\/lememeherboristerie.com\/index.php\/cart\/"},"modified":"2024-03-07T11:17:46","modified_gmt":"2024-03-07T10:17:46","slug":"carrito","status":"publish","type":"page","link":"https:\/\/lememeherboristerie.com\/index.php\/carrito\/","title":{"rendered":"Carrito"},"content":{"rendered":"\t\t<div data-elementor-type=\"wp-page\" data-elementor-id=\"7\" class=\"elementor elementor-7\" data-elementor-post-type=\"page\">\n\t\t\t\t<div class=\"elementor-element elementor-element-b7c098a e-flex e-con-boxed e-con e-parent\" data-id=\"b7c098a\" data-element_type=\"container\" data-settings=\"{&quot;background_background&quot;:&quot;classic&quot;}\" data-core-v316-plus=\"true\">\n\t\t\t\t\t<div class=\"e-con-inner\">\n\t\t\t\t<div class=\"elementor-element elementor-element-4c6cc35 elementor-invisible elementor-widget elementor-widget-heading\" data-id=\"4c6cc35\" data-element_type=\"widget\" data-settings=\"{&quot;_animation&quot;:&quot;fadeInUp&quot;}\" data-widget_type=\"heading.default\">\n\t\t\t\t<div class=\"elementor-widget-container\">\n\t\t\t<style>\/*! elementor - v3.20.0 - 13-03-2024 *\/\n.elementor-heading-title{padding:0;margin:0;line-height:1}.elementor-widget-heading .elementor-heading-title[class*=elementor-size-]>a{color:inherit;font-size:inherit;line-height:inherit}.elementor-widget-heading .elementor-heading-title.elementor-size-small{font-size:15px}.elementor-widget-heading .elementor-heading-title.elementor-size-medium{font-size:19px}.elementor-widget-heading .elementor-heading-title.elementor-size-large{font-size:29px}.elementor-widget-heading .elementor-heading-title.elementor-size-xl{font-size:39px}.elementor-widget-heading .elementor-heading-title.elementor-size-xxl{font-size:59px}<\/style><h2 class=\"elementor-heading-title elementor-size-default\">Tu Carrito<\/h2>\t\t<\/div>\n\t\t\t\t<\/div>\n\t\t\t\t\t<\/div>\n\t\t\t\t<\/div>\n\t\t<div class=\"elementor-element elementor-element-3ddc0ad5 e-flex e-con-boxed e-con e-parent\" data-id=\"3ddc0ad5\" data-element_type=\"container\" data-core-v316-plus=\"true\">\n\t\t\t\t\t<div class=\"e-con-inner\">\n\t\t\t\t\t<\/div>\n\t\t\t\t<\/div>\n\t\t\t\t<\/div>\n\t\t","protected":false},"excerpt":{"rendered":"<p>Tu Carrito Eliminar art\u00edculo Imagen en miniatura Producto Precio Cantidad Subtotal &times; Jab\u00f3n de Rosa Mosqueta &#8211; 80gr 4,50&nbsp;&euro; Jab\u00f3n de Rosa Mosqueta &#8211; 80gr cantidad 4,50&nbsp;&euro; Aplicar cup\u00f3n Tu Carrito Subtotal 4,50&nbsp;&euro; Env\u00edo Precio fijo: 4,50&nbsp;&euro; Enviar a Granada. Cambiar direcci\u00f3n Pa\u00eds o regi\u00f3n: Selecciona un pa\u00eds\/regi\u00f3n&hellip;Afganist\u00e1nAlbaniaAlemaniaAndorraAngolaAnguilaAnt\u00e1rtidaAntigua y BarbudaArabia SauditaArgeliaArgentinaArmeniaArubaAustraliaAustriaAzerbaijanBahamasBahrainBangladeshBarbadosBelauB\u00e9lgicaBelizeBeninBermudaBhutanBielorrusiaBirmaniaBoliviaBonaire, San Eustaquio y SabaBosnia [&hellip;]<\/p>\n","protected":false},"author":1,"featured_media":260,"parent":0,"menu_order":0,"comment_status":"closed","ping_status":"closed","template":"","meta":{"footnotes":""},"yoast_head":"<!-- This site is optimized with the Yoast SEO plugin v22.3 - https:\/\/yoast.com\/wordpress\/plugins\/seo\/ -->\n<title>Carrito - lememeherboristerie.com<\/title>\n<meta name=\"description\" content=\"Carrito donde podr\u00e1s ver tu resumen de compra, precios y cantidad de productos de cosm\u00e9tica artesanal y natural.\" \/>\n<meta name=\"robots\" content=\"index, follow, max-snippet:-1, max-image-preview:large, max-video-preview:-1\" \/>\n<link rel=\"canonical\" href=\"https:\/\/lememeherboristerie.com\/index.php\/carrito\/\" \/>\n<meta property=\"og:locale\" content=\"es_ES\" \/>\n<meta property=\"og:type\" content=\"article\" \/>\n<meta property=\"og:title\" content=\"Carrito - lememeherboristerie.com\" \/>\n<meta property=\"og:description\" content=\"Carrito donde podr\u00e1s ver tu resumen de compra, precios y cantidad de productos de cosm\u00e9tica artesanal y natural.\" \/>\n<meta property=\"og:url\" content=\"https:\/\/lememeherboristerie.com\/index.php\/carrito\/\" \/>\n<meta property=\"og:site_name\" content=\"lememeherboristerie.com\" \/>\n<meta property=\"article:modified_time\" content=\"2024-03-07T10:17:46+00:00\" \/>\n<meta property=\"og:image\" content=\"https:\/\/lememeherboristerie.com\/wp-content\/uploads\/2024\/02\/cesta-scaled.jpg\" \/>\n\t<meta property=\"og:image:width\" content=\"2560\" \/>\n\t<meta property=\"og:image:height\" content=\"1707\" \/>\n\t<meta property=\"og:image:type\" content=\"image\/jpeg\" \/>\n<meta name=\"twitter:card\" content=\"summary_large_image\" \/>\n<meta name=\"twitter:label1\" content=\"Tiempo de lectura\" \/>\n\t<meta name=\"twitter:data1\" content=\"3 minutos\" \/>\n<script type=\"application\/ld+json\" class=\"yoast-schema-graph\">{\"@context\":\"https:\/\/schema.org\",\"@graph\":[{\"@type\":\"WebPage\",\"@id\":\"https:\/\/lememeherboristerie.com\/index.php\/carrito\/\",\"url\":\"https:\/\/lememeherboristerie.com\/index.php\/carrito\/\",\"name\":\"Carrito - lememeherboristerie.com\",\"isPartOf\":{\"@id\":\"https:\/\/lememeherboristerie.com\/#website\"},\"primaryImageOfPage\":{\"@id\":\"https:\/\/lememeherboristerie.com\/index.php\/carrito\/#primaryimage\"},\"image\":{\"@id\":\"https:\/\/lememeherboristerie.com\/index.php\/carrito\/#primaryimage\"},\"thumbnailUrl\":\"https:\/\/lememeherboristerie.com\/wp-content\/uploads\/2024\/02\/cesta-scaled.jpg\",\"datePublished\":\"2024-02-27T17:08:44+00:00\",\"dateModified\":\"2024-03-07T10:17:46+00:00\",\"description\":\"Carrito donde podr\u00e1s ver tu resumen de compra, precios y cantidad de productos de cosm\u00e9tica artesanal y natural.\",\"breadcrumb\":{\"@id\":\"https:\/\/lememeherboristerie.com\/index.php\/carrito\/#breadcrumb\"},\"inLanguage\":\"es\",\"potentialAction\":[{\"@type\":\"ReadAction\",\"target\":[\"https:\/\/lememeherboristerie.com\/index.php\/carrito\/\"]}]},{\"@type\":\"ImageObject\",\"inLanguage\":\"es\",\"@id\":\"https:\/\/lememeherboristerie.com\/index.php\/carrito\/#primaryimage\",\"url\":\"https:\/\/lememeherboristerie.com\/wp-content\/uploads\/2024\/02\/cesta-scaled.jpg\",\"contentUrl\":\"https:\/\/lememeherboristerie.com\/wp-content\/uploads\/2024\/02\/cesta-scaled.jpg\",\"width\":2560,\"height\":1707,\"caption\":\"Cesta de mimbre llena de jabones artesanales y naturales\"},{\"@type\":\"BreadcrumbList\",\"@id\":\"https:\/\/lememeherboristerie.com\/index.php\/carrito\/#breadcrumb\",\"itemListElement\":[{\"@type\":\"ListItem\",\"position\":1,\"name\":\"Portada\",\"item\":\"https:\/\/lememeherboristerie.com\/\"},{\"@type\":\"ListItem\",\"position\":2,\"name\":\"Carrito\"}]},{\"@type\":\"WebSite\",\"@id\":\"https:\/\/lememeherboristerie.com\/#website\",\"url\":\"https:\/\/lememeherboristerie.com\/\",\"name\":\"lememeherboristerie.com\",\"description\":\"Tienda online de cosm\u00e9tica artesanal y natural\",\"publisher\":{\"@id\":\"https:\/\/lememeherboristerie.com\/#organization\"},\"alternateName\":\"Le Meme\",\"potentialAction\":[{\"@type\":\"SearchAction\",\"target\":{\"@type\":\"EntryPoint\",\"urlTemplate\":\"https:\/\/lememeherboristerie.com\/?s={search_term_string}\"},\"query-input\":\"required name=search_term_string\"}],\"inLanguage\":\"es\"},{\"@type\":\"Organization\",\"@id\":\"https:\/\/lememeherboristerie.com\/#organization\",\"name\":\"lememeherboristerie.com\",\"url\":\"https:\/\/lememeherboristerie.com\/\",\"logo\":{\"@type\":\"ImageObject\",\"inLanguage\":\"es\",\"@id\":\"https:\/\/lememeherboristerie.com\/#\/schema\/logo\/image\/\",\"url\":\"https:\/\/lememeherboristerie.com\/wp-content\/uploads\/2024\/02\/cropped-Recurso-3-iso.png\",\"contentUrl\":\"https:\/\/lememeherboristerie.com\/wp-content\/uploads\/2024\/02\/cropped-Recurso-3-iso.png\",\"width\":423,\"height\":89,\"caption\":\"lememeherboristerie.com\"},\"image\":{\"@id\":\"https:\/\/lememeherboristerie.com\/#\/schema\/logo\/image\/\"},\"sameAs\":[\"https:\/\/www.instagram.com\/lememeherboristerie\/?hl=es\"]}]}<\/script>\n<!-- \/ Yoast SEO plugin. -->","yoast_head_json":{"title":"Carrito - lememeherboristerie.com","description":"Carrito donde podr\u00e1s ver tu resumen de compra, precios y cantidad de productos de cosm\u00e9tica artesanal y natural.","robots":{"index":"index","follow":"follow","max-snippet":"max-snippet:-1","max-image-preview":"max-image-preview:large","max-video-preview":"max-video-preview:-1"},"canonical":"https:\/\/lememeherboristerie.com\/index.php\/carrito\/","og_locale":"es_ES","og_type":"article","og_title":"Carrito - lememeherboristerie.com","og_description":"Carrito donde podr\u00e1s ver tu resumen de compra, precios y cantidad de productos de cosm\u00e9tica artesanal y natural.","og_url":"https:\/\/lememeherboristerie.com\/index.php\/carrito\/","og_site_name":"lememeherboristerie.com","article_modified_time":"2024-03-07T10:17:46+00:00","og_image":[{"width":2560,"height":1707,"url":"https:\/\/lememeherboristerie.com\/wp-content\/uploads\/2024\/02\/cesta-scaled.jpg","type":"image\/jpeg"}],"twitter_card":"summary_large_image","twitter_misc":{"Tiempo de lectura":"3 minutos"},"schema":{"@context":"https:\/\/schema.org","@graph":[{"@type":"WebPage","@id":"https:\/\/lememeherboristerie.com\/index.php\/carrito\/","url":"https:\/\/lememeherboristerie.com\/index.php\/carrito\/","name":"Carrito - lememeherboristerie.com","isPartOf":{"@id":"https:\/\/lememeherboristerie.com\/#website"},"primaryImageOfPage":{"@id":"https:\/\/lememeherboristerie.com\/index.php\/carrito\/#primaryimage"},"image":{"@id":"https:\/\/lememeherboristerie.com\/index.php\/carrito\/#primaryimage"},"thumbnailUrl":"https:\/\/lememeherboristerie.com\/wp-content\/uploads\/2024\/02\/cesta-scaled.jpg","datePublished":"2024-02-27T17:08:44+00:00","dateModified":"2024-03-07T10:17:46+00:00","description":"Carrito donde podr\u00e1s ver tu resumen de compra, precios y cantidad de productos de cosm\u00e9tica artesanal y natural.","breadcrumb":{"@id":"https:\/\/lememeherboristerie.com\/index.php\/carrito\/#breadcrumb"},"inLanguage":"es","potentialAction":[{"@type":"ReadAction","target":["https:\/\/lememeherboristerie.com\/index.php\/carrito\/"]}]},{"@type":"ImageObject","inLanguage":"es","@id":"https:\/\/lememeherboristerie.com\/index.php\/carrito\/#primaryimage","url":"https:\/\/lememeherboristerie.com\/wp-content\/uploads\/2024\/02\/cesta-scaled.jpg","contentUrl":"https:\/\/lememeherboristerie.com\/wp-content\/uploads\/2024\/02\/cesta-scaled.jpg","width":2560,"height":1707,"caption":"Cesta de mimbre llena de jabones artesanales y naturales"},{"@type":"BreadcrumbList","@id":"https:\/\/lememeherboristerie.com\/index.php\/carrito\/#breadcrumb","itemListElement":[{"@type":"ListItem","position":1,"name":"Portada","item":"https:\/\/lememeherboristerie.com\/"},{"@type":"ListItem","position":2,"name":"Carrito"}]},{"@type":"WebSite","@id":"https:\/\/lememeherboristerie.com\/#website","url":"https:\/\/lememeherboristerie.com\/","name":"lememeherboristerie.com","description":"Tienda online de cosm\u00e9tica artesanal y natural","publisher":{"@id":"https:\/\/lememeherboristerie.com\/#organization"},"alternateName":"Le Meme","potentialAction":[{"@type":"SearchAction","target":{"@type":"EntryPoint","urlTemplate":"https:\/\/lememeherboristerie.com\/?s={search_term_string}"},"query-input":"required name=search_term_string"}],"inLanguage":"es"},{"@type":"Organization","@id":"https:\/\/lememeherboristerie.com\/#organization","name":"lememeherboristerie.com","url":"https:\/\/lememeherboristerie.com\/","logo":{"@type":"ImageObject","inLanguage":"es","@id":"https:\/\/lememeherboristerie.com\/#\/schema\/logo\/image\/","url":"https:\/\/lememeherboristerie.com\/wp-content\/uploads\/2024\/02\/cropped-Recurso-3-iso.png","contentUrl":"https:\/\/lememeherboristerie.com\/wp-content\/uploads\/2024\/02\/cropped-Recurso-3-iso.png","width":423,"height":89,"caption":"lememeherboristerie.com"},"image":{"@id":"https:\/\/lememeherboristerie.com\/#\/schema\/logo\/image\/"},"sameAs":["https:\/\/www.instagram.com\/lememeherboristerie\/?hl=es"]}]}},"_links":{"self":[{"href":"https:\/\/lememeherboristerie.com\/index.php\/wp-json\/wp\/v2\/pages\/7"}],"collection":[{"href":"https:\/\/lememeherboristerie.com\/index.php\/wp-json\/wp\/v2\/pages"}],"about":[{"href":"https:\/\/lememeherboristerie.com\/index.php\/wp-json\/wp\/v2\/types\/page"}],"author":[{"embeddable":true,"href":"https:\/\/lememeherboristerie.com\/index.php\/wp-json\/wp\/v2\/users\/1"}],"replies":[{"embeddable":true,"href":"https:\/\/lememeherboristerie.com\/index.php\/wp-json\/wp\/v2\/comments?post=7"}],"version-history":[{"count":10,"href":"https:\/\/lememeherboristerie.com\/index.php\/wp-json\/wp\/v2\/pages\/7\/revisions"}],"predecessor-version":[{"id":319,"href":"https:\/\/lememeherboristerie.com\/index.php\/wp-json\/wp\/v2\/pages\/7\/revisions\/319"}],"wp:featuredmedia":[{"embeddable":true,"href":"https:\/\/lememeherboristerie.com\/index.php\/wp-json\/wp\/v2\/media\/260"}],"wp:attachment":[{"href":"https:\/\/lememeherboristerie.com\/index.php\/wp-json\/wp\/v2\/media?parent=7"}],"curies":[{"name":"wp","href":"https:\/\/api.w.org\/{rel}","templated":true}]}}